{"id":8041,"date":"2021-11-26T16:08:29","date_gmt":"2021-11-26T15:08:29","guid":{"rendered":"http:\/\/webutex.info\/duroplaste\/materialdaten\/sonder-werkstoffe\/"},"modified":"2025-09-09T13:47:34","modified_gmt":"2025-09-09T11:47:34","slug":"materiaux-speciaux","status":"publish","type":"page","link":"https:\/\/webutex.info\/fr\/thermodurs\/donnees-materielles\/materiaux-speciaux\/","title":{"rendered":"Mat\u00e9riaux sp\u00e9ciaux"},"content":{"rendered":"[vc_row type=\u00a0\u00bbfull_width_content\u00a0\u00bb full_screen_row_position=\u00a0\u00bbmiddle\u00a0\u00bb column_margin=\u00a0\u00bbdefault\u00a0\u00bb equal_height=\u00a0\u00bbyes\u00a0\u00bb content_placement=\u00a0\u00bbmiddle\u00a0\u00bb column_direction=\u00a0\u00bbdefault\u00a0\u00bb column_direction_tablet=\u00a0\u00bbdefault\u00a0\u00bb column_direction_phone=\u00a0\u00bbdefault\u00a0\u00bb bg_image=\u00a0\u00bb9939&Prime; bg_position=\u00a0\u00bbright center\u00a0\u00bb background_image_loading=\u00a0\u00bbdefault\u00a0\u00bb bg_repeat=\u00a0\u00bbno-repeat\u00a0\u00bb scene_position=\u00a0\u00bbcenter\u00a0\u00bb top_padding=\u00a0\u00bb200&Prime; bottom_padding=\u00a0\u00bb200&Prime; top_padding_phone=\u00a0\u00bb0&Prime; bottom_padding_phone=\u00a0\u00bb0&Prime; text_color=\u00a0\u00bbdark\u00a0\u00bb text_align=\u00a0\u00bbleft\u00a0\u00bb row_border_radius=\u00a0\u00bbnone\u00a0\u00bb row_border_radius_applies=\u00a0\u00bbbg\u00a0\u00bb overflow=\u00a0\u00bbvisible\u00a0\u00bb class=\u00a0\u00bbimage_bg_none_mobile_tablet fullwidth_image_header row_reverse_mobile_tablet\u00a0\u00bb id=\u00a0\u00bbmanagement\u00a0\u00bb overlay_strength=\u00a0\u00bb0.3&Prime; gradient_direction=\u00a0\u00bbleft_to_right\u00a0\u00bb shape_divider_position=\u00a0\u00bbbottom\u00a0\u00bb bg_image_animation=\u00a0\u00bbnone\u00a0\u00bb shape_type=\u00a0\u00bb\u00a0\u00bb][vc_column column_padding=\u00a0\u00bbno-extra-padding\u00a0\u00bb column_padding_tablet=\u00a0\u00bbno-extra-padding\u00a0\u00bb column_padding_phone=\u00a0\u00bbno-extra-padding\u00a0\u00bb column_padding_position=\u00a0\u00bball\u00a0\u00bb top_margin_tablet=\u00a0\u00bb0px\u00a0\u00bb column_element_direction_desktop=\u00a0\u00bbdefault\u00a0\u00bb column_element_spacing=\u00a0\u00bbdefault\u00a0\u00bb desktop_text_alignment=\u00a0\u00bbdefault\u00a0\u00bb tablet_text_alignment=\u00a0\u00bbdefault\u00a0\u00bb phone_text_alignment=\u00a0\u00bbdefault\u00a0\u00bb background_color=\u00a0\u00bb#ffffff\u00a0\u00bb background_color_opacity=\u00a0\u00bb1&Prime; background_hover_color_opacity=\u00a0\u00bb1&Prime; column_backdrop_filter=\u00a0\u00bbnone\u00a0\u00bb column_shadow=\u00a0\u00bbnone\u00a0\u00bb column_border_radius=\u00a0\u00bbnone\u00a0\u00bb column_link_target=\u00a0\u00bb_self\u00a0\u00bb column_position=\u00a0\u00bbdefault\u00a0\u00bb el_class=\u00a0\u00bbeditorial-header\u00a0\u00bb gradient_direction=\u00a0\u00bbleft_to_right\u00a0\u00bb overlay_strength=\u00a0\u00bb0.3&Prime; width=\u00a0\u00bb1\/2&Prime; tablet_width_inherit=\u00a0\u00bbdefault\u00a0\u00bb animation_type=\u00a0\u00bbdefault\u00a0\u00bb bg_image_animation=\u00a0\u00bbnone\u00a0\u00bb border_type=\u00a0\u00bbsimple\u00a0\u00bb column_border_width=\u00a0\u00bbnone\u00a0\u00bb column_border_style=\u00a0\u00bbsolid\u00a0\u00bb offset=\u00a0\u00bbvc_col-lg-6 vc_col-md-6 vc_col-xs-12&Prime;][vc_custom_heading text=\u00a0\u00bbMat\u00e9riaux sp\u00e9ciaux\u00a0\u00bb font_container=\u00a0\u00bbtag:h1|text_align:left\u00a0\u00bb use_theme_fonts=\u00a0\u00bbyes\u00a0\u00bb css=\u00a0\u00bb.vc_custom_1645024758517{margin-bottom: 20px !important;}\u00a0\u00bb][vc_column_text]Avec la combinaison de diff\u00e9rents syst\u00e8mes de supports en r\u00e9sines, des qualit\u00e9s de mat\u00e9riaux innovantes se sont d\u00e9velopp\u00e9es dans le domaine des thermodurs, en fonction des domaines d\u2019utilisation et des exigences techniques, ces thermodurs constituent \u00e0 raison un mat\u00e9riau de construction plein d\u2019avenir.<\/p>\n<p>Nous sommes pr\u00eats \u00e0 vous conseiller pour des utilisations sp\u00e9cifiques.[\/vc_column_text][\/vc_column][vc_column column_padding=\u00a0\u00bbno-extra-padding\u00a0\u00bb column_padding_tablet=\u00a0\u00bbinherit\u00a0\u00bb column_padding_phone=\u00a0\u00bbinherit\u00a0\u00bb column_padding_position=\u00a0\u00bball\u00a0\u00bb column_element_direction_desktop=\u00a0\u00bbdefault\u00a0\u00bb column_element_spacing=\u00a0\u00bbdefault\u00a0\u00bb desktop_text_alignment=\u00a0\u00bbdefault\u00a0\u00bb tablet_text_alignment=\u00a0\u00bbdefault\u00a0\u00bb phone_text_alignment=\u00a0\u00bbdefault\u00a0\u00bb background_color_opacity=\u00a0\u00bb1&Prime; background_hover_color_opacity=\u00a0\u00bb1&Prime; column_backdrop_filter=\u00a0\u00bbnone\u00a0\u00bb column_shadow=\u00a0\u00bbnone\u00a0\u00bb column_border_radius=\u00a0\u00bbnone\u00a0\u00bb column_link_target=\u00a0\u00bb_self\u00a0\u00bb column_position=\u00a0\u00bbdefault\u00a0\u00bb gradient_direction=\u00a0\u00bbleft_to_right\u00a0\u00bb overlay_strength=\u00a0\u00bb0.3&Prime; width=\u00a0\u00bb1\/2&Prime; tablet_width_inherit=\u00a0\u00bbdefault\u00a0\u00bb animation_type=\u00a0\u00bbdefault\u00a0\u00bb bg_image_animation=\u00a0\u00bbnone\u00a0\u00bb border_type=\u00a0\u00bbsimple\u00a0\u00bb column_border_width=\u00a0\u00bbnone\u00a0\u00bb column_border_style=\u00a0\u00bbsolid\u00a0\u00bb][image_with_animation image_url=\u00a0\u00bb9939&Prime; image_size=\u00a0\u00bbfull\u00a0\u00bb animation_type=\u00a0\u00bbentrance\u00a0\u00bb animation=\u00a0\u00bbFade In\u00a0\u00bb animation_easing=\u00a0\u00bbdefault\u00a0\u00bb animation_movement_type=\u00a0\u00bbtransform_y\u00a0\u00bb hover_animation=\u00a0\u00bbnone\u00a0\u00bb alignment=\u00a0\u00bbcenter\u00a0\u00bb border_radius=\u00a0\u00bbnone\u00a0\u00bb box_shadow=\u00a0\u00bbnone\u00a0\u00bb image_loading=\u00a0\u00bblazy-load\u00a0\u00bb max_width=\u00a0\u00bb100%\u00a0\u00bb max_width_mobile=\u00a0\u00bbdefault\u00a0\u00bb display_title=\u00a0\u00bb1&Prime; el_class=\u00a0\u00bbimage_none_desktop\u00a0\u00bb][\/vc_column][\/vc_row]\n","protected":false},"excerpt":{"rendered":"<p>[vc_row type=\u00a0\u00bbfull_width_content\u00a0\u00bb full_screen_row_position=\u00a0\u00bbmiddle\u00a0\u00bb column_margin=\u00a0\u00bbdefault\u00a0\u00bb equal_height=\u00a0\u00bbyes\u00a0\u00bb content_placement=\u00a0\u00bbmiddle\u00a0\u00bb column_direction=\u00a0\u00bbdefault\u00a0\u00bb column_direction_tablet=\u00a0\u00bbdefault\u00a0\u00bb column_direction_phone=\u00a0\u00bbdefault\u00a0\u00bb bg_image=\u00a0\u00bb9939&Prime; bg_position=\u00a0\u00bbright center\u00a0\u00bb background_image_loading=\u00a0\u00bbdefault\u00a0\u00bb bg_repeat=\u00a0\u00bbno-repeat\u00a0\u00bb scene_position=\u00a0\u00bbcenter\u00a0\u00bb top_padding=\u00a0\u00bb200&Prime; bottom_padding=\u00a0\u00bb200&Prime; top_padding_phone=\u00a0\u00bb0&Prime; bottom_padding_phone=\u00a0\u00bb0&Prime; text_color=\u00a0\u00bbdark\u00a0\u00bb text_align=\u00a0\u00bbleft\u00a0\u00bb row_border_radius=\u00a0\u00bbnone\u00a0\u00bb row_border_radius_applies=\u00a0\u00bbbg\u00a0\u00bb overflow=\u00a0\u00bbvisible\u00a0\u00bb class=\u00a0\u00bbimage_bg_none_mobile_tablet fullwidth_image_header row_reverse_mobile_tablet\u00a0\u00bb id=\u00a0\u00bbmanagement\u00a0\u00bb overlay_strength=\u00a0\u00bb0.3&Prime; gradient_direction=\u00a0\u00bbleft_to_right\u00a0\u00bb&#8230;<\/p>\n","protected":false},"author":1,"featured_media":0,"parent":8014,"menu_order":0,"comment_status":"closed","ping_status":"closed","template":"","meta":{"_acf_changed":false,"inline_featured_image":false,"footnotes":""},"class_list":["post-8041","page","type-page","status-publish"],"acf":[],"yoast_head":"<!-- This site is optimized with the Yoast SEO plugin v25.5 - https:\/\/yoast.com\/wordpress\/plugins\/seo\/ -->\n<title>Mat\u00e9riaux sp\u00e9ciaux - Webutex<\/title>\n<meta name=\"robots\" content=\"index, follow, max-snippet:-1, max-image-preview:large, max-video-preview:-1\" \/>\n<link rel=\"canonical\" href=\"https:\/\/webutex.info\/fr\/thermodurs\/donnees-materielles\/materiaux-speciaux\/\" \/>\n<meta property=\"og:locale\" content=\"fr_FR\" \/>\n<meta property=\"og:type\" content=\"article\" \/>\n<meta property=\"og:title\" content=\"Mat\u00e9riaux sp\u00e9ciaux - Webutex\" \/>\n<meta property=\"og:description\" content=\"[vc_row type=\u00a0\u00bbfull_width_content\u00a0\u00bb full_screen_row_position=\u00a0\u00bbmiddle\u00a0\u00bb column_margin=\u00a0\u00bbdefault\u00a0\u00bb equal_height=\u00a0\u00bbyes\u00a0\u00bb content_placement=\u00a0\u00bbmiddle\u00a0\u00bb column_direction=\u00a0\u00bbdefault\u00a0\u00bb column_direction_tablet=\u00a0\u00bbdefault\u00a0\u00bb column_direction_phone=\u00a0\u00bbdefault\u00a0\u00bb bg_image=\u00a0\u00bb9939&Prime; bg_position=\u00a0\u00bbright center\u00a0\u00bb background_image_loading=\u00a0\u00bbdefault\u00a0\u00bb bg_repeat=\u00a0\u00bbno-repeat\u00a0\u00bb scene_position=\u00a0\u00bbcenter\u00a0\u00bb top_padding=\u00a0\u00bb200&Prime; bottom_padding=\u00a0\u00bb200&Prime; top_padding_phone=\u00a0\u00bb0&Prime; bottom_padding_phone=\u00a0\u00bb0&Prime; text_color=\u00a0\u00bbdark\u00a0\u00bb text_align=\u00a0\u00bbleft\u00a0\u00bb row_border_radius=\u00a0\u00bbnone\u00a0\u00bb row_border_radius_applies=\u00a0\u00bbbg\u00a0\u00bb overflow=\u00a0\u00bbvisible\u00a0\u00bb class=\u00a0\u00bbimage_bg_none_mobile_tablet fullwidth_image_header row_reverse_mobile_tablet\u00a0\u00bb id=\u00a0\u00bbmanagement\u00a0\u00bb overlay_strength=\u00a0\u00bb0.3&Prime; gradient_direction=\u00a0\u00bbleft_to_right\u00a0\u00bb...\" \/>\n<meta property=\"og:url\" content=\"https:\/\/webutex.info\/fr\/thermodurs\/donnees-materielles\/materiaux-speciaux\/\" \/>\n<meta property=\"og:site_name\" content=\"Webutex\" \/>\n<meta property=\"article:modified_time\" content=\"2025-09-09T11:47:34+00:00\" \/>\n<meta property=\"og:image\" content=\"https:\/\/webutex.info\/wp-content\/uploads\/2022\/03\/og.jpg\" \/>\n\t<meta property=\"og:image:width\" content=\"1200\" \/>\n\t<meta property=\"og:image:height\" content=\"630\" \/>\n\t<meta property=\"og:image:type\" content=\"image\/jpeg\" \/>\n<meta name=\"twitter:card\" content=\"summary_large_image\" \/>\n<meta name=\"twitter:label1\" content=\"Dur\u00e9e de lecture estim\u00e9e\" \/>\n\t<meta name=\"twitter:data1\" content=\"1 minute\" \/>\n<script type=\"application\/ld+json\" class=\"yoast-schema-graph\">{\"@context\":\"https:\/\/schema.org\",\"@graph\":[{\"@type\":\"WebPage\",\"@id\":\"https:\/\/webutex.info\/fr\/thermodurs\/donnees-materielles\/materiaux-speciaux\/\",\"url\":\"https:\/\/webutex.info\/fr\/thermodurs\/donnees-materielles\/materiaux-speciaux\/\",\"name\":\"Mat\u00e9riaux sp\u00e9ciaux - Webutex\",\"isPartOf\":{\"@id\":\"https:\/\/webutex.info\/fr\/#website\"},\"datePublished\":\"2021-11-26T15:08:29+00:00\",\"dateModified\":\"2025-09-09T11:47:34+00:00\",\"breadcrumb\":{\"@id\":\"https:\/\/webutex.info\/fr\/thermodurs\/donnees-materielles\/materiaux-speciaux\/#breadcrumb\"},\"inLanguage\":\"fr-FR\",\"potentialAction\":[{\"@type\":\"ReadAction\",\"target\":[\"https:\/\/webutex.info\/fr\/thermodurs\/donnees-materielles\/materiaux-speciaux\/\"]}]},{\"@type\":\"BreadcrumbList\",\"@id\":\"https:\/\/webutex.info\/fr\/thermodurs\/donnees-materielles\/materiaux-speciaux\/#breadcrumb\",\"itemListElement\":[{\"@type\":\"ListItem\",\"position\":1,\"name\":\"Home\",\"item\":\"https:\/\/webutex.info\/fr\/\"},{\"@type\":\"ListItem\",\"position\":2,\"name\":\"Thermodurs\",\"item\":\"https:\/\/webutex.info\/fr\/thermodurs\/\"},{\"@type\":\"ListItem\",\"position\":3,\"name\":\"Donn\u00e9es mat\u00e9rielles\",\"item\":\"https:\/\/webutex.info\/fr\/thermodurs\/donnees-materielles\/\"},{\"@type\":\"ListItem\",\"position\":4,\"name\":\"Mat\u00e9riaux sp\u00e9ciaux\"}]},{\"@type\":\"WebSite\",\"@id\":\"https:\/\/webutex.info\/fr\/#website\",\"url\":\"https:\/\/webutex.info\/fr\/\",\"name\":\"Webutex\",\"description\":\"\",\"potentialAction\":[{\"@type\":\"SearchAction\",\"target\":{\"@type\":\"EntryPoint\",\"urlTemplate\":\"https:\/\/webutex.info\/fr\/?s={search_term_string}\"},\"query-input\":{\"@type\":\"PropertyValueSpecification\",\"valueRequired\":true,\"valueName\":\"search_term_string\"}}],\"inLanguage\":\"fr-FR\"}]}<\/script>\n<!-- \/ Yoast SEO plugin. -->","yoast_head_json":{"title":"Mat\u00e9riaux sp\u00e9ciaux - Webutex","robots":{"index":"index","follow":"follow","max-snippet":"max-snippet:-1","max-image-preview":"max-image-preview:large","max-video-preview":"max-video-preview:-1"},"canonical":"https:\/\/webutex.info\/fr\/thermodurs\/donnees-materielles\/materiaux-speciaux\/","og_locale":"fr_FR","og_type":"article","og_title":"Mat\u00e9riaux sp\u00e9ciaux - Webutex","og_description":"[vc_row type=\u00a0\u00bbfull_width_content\u00a0\u00bb full_screen_row_position=\u00a0\u00bbmiddle\u00a0\u00bb column_margin=\u00a0\u00bbdefault\u00a0\u00bb equal_height=\u00a0\u00bbyes\u00a0\u00bb content_placement=\u00a0\u00bbmiddle\u00a0\u00bb column_direction=\u00a0\u00bbdefault\u00a0\u00bb column_direction_tablet=\u00a0\u00bbdefault\u00a0\u00bb column_direction_phone=\u00a0\u00bbdefault\u00a0\u00bb bg_image=\u00a0\u00bb9939&Prime; bg_position=\u00a0\u00bbright center\u00a0\u00bb background_image_loading=\u00a0\u00bbdefault\u00a0\u00bb bg_repeat=\u00a0\u00bbno-repeat\u00a0\u00bb scene_position=\u00a0\u00bbcenter\u00a0\u00bb top_padding=\u00a0\u00bb200&Prime; bottom_padding=\u00a0\u00bb200&Prime; top_padding_phone=\u00a0\u00bb0&Prime; bottom_padding_phone=\u00a0\u00bb0&Prime; text_color=\u00a0\u00bbdark\u00a0\u00bb text_align=\u00a0\u00bbleft\u00a0\u00bb row_border_radius=\u00a0\u00bbnone\u00a0\u00bb row_border_radius_applies=\u00a0\u00bbbg\u00a0\u00bb overflow=\u00a0\u00bbvisible\u00a0\u00bb class=\u00a0\u00bbimage_bg_none_mobile_tablet fullwidth_image_header row_reverse_mobile_tablet\u00a0\u00bb id=\u00a0\u00bbmanagement\u00a0\u00bb overlay_strength=\u00a0\u00bb0.3&Prime; gradient_direction=\u00a0\u00bbleft_to_right\u00a0\u00bb...","og_url":"https:\/\/webutex.info\/fr\/thermodurs\/donnees-materielles\/materiaux-speciaux\/","og_site_name":"Webutex","article_modified_time":"2025-09-09T11:47:34+00:00","og_image":[{"width":1200,"height":630,"url":"https:\/\/webutex.info\/wp-content\/uploads\/2022\/03\/og.jpg","type":"image\/jpeg"}],"twitter_card":"summary_large_image","twitter_misc":{"Dur\u00e9e de lecture estim\u00e9e":"1 minute"},"schema":{"@context":"https:\/\/schema.org","@graph":[{"@type":"WebPage","@id":"https:\/\/webutex.info\/fr\/thermodurs\/donnees-materielles\/materiaux-speciaux\/","url":"https:\/\/webutex.info\/fr\/thermodurs\/donnees-materielles\/materiaux-speciaux\/","name":"Mat\u00e9riaux sp\u00e9ciaux - Webutex","isPartOf":{"@id":"https:\/\/webutex.info\/fr\/#website"},"datePublished":"2021-11-26T15:08:29+00:00","dateModified":"2025-09-09T11:47:34+00:00","breadcrumb":{"@id":"https:\/\/webutex.info\/fr\/thermodurs\/donnees-materielles\/materiaux-speciaux\/#breadcrumb"},"inLanguage":"fr-FR","potentialAction":[{"@type":"ReadAction","target":["https:\/\/webutex.info\/fr\/thermodurs\/donnees-materielles\/materiaux-speciaux\/"]}]},{"@type":"BreadcrumbList","@id":"https:\/\/webutex.info\/fr\/thermodurs\/donnees-materielles\/materiaux-speciaux\/#breadcrumb","itemListElement":[{"@type":"ListItem","position":1,"name":"Home","item":"https:\/\/webutex.info\/fr\/"},{"@type":"ListItem","position":2,"name":"Thermodurs","item":"https:\/\/webutex.info\/fr\/thermodurs\/"},{"@type":"ListItem","position":3,"name":"Donn\u00e9es mat\u00e9rielles","item":"https:\/\/webutex.info\/fr\/thermodurs\/donnees-materielles\/"},{"@type":"ListItem","position":4,"name":"Mat\u00e9riaux sp\u00e9ciaux"}]},{"@type":"WebSite","@id":"https:\/\/webutex.info\/fr\/#website","url":"https:\/\/webutex.info\/fr\/","name":"Webutex","description":"","potentialAction":[{"@type":"SearchAction","target":{"@type":"EntryPoint","urlTemplate":"https:\/\/webutex.info\/fr\/?s={search_term_string}"},"query-input":{"@type":"PropertyValueSpecification","valueRequired":true,"valueName":"search_term_string"}}],"inLanguage":"fr-FR"}]}},"_links":{"self":[{"href":"https:\/\/webutex.info\/fr\/wp-json\/wp\/v2\/pages\/8041","targetHints":{"allow":["GET"]}}],"collection":[{"href":"https:\/\/webutex.info\/fr\/wp-json\/wp\/v2\/pages"}],"about":[{"href":"https:\/\/webutex.info\/fr\/wp-json\/wp\/v2\/types\/page"}],"author":[{"embeddable":true,"href":"https:\/\/webutex.info\/fr\/wp-json\/wp\/v2\/users\/1"}],"replies":[{"embeddable":true,"href":"https:\/\/webutex.info\/fr\/wp-json\/wp\/v2\/comments?post=8041"}],"version-history":[{"count":6,"href":"https:\/\/webutex.info\/fr\/wp-json\/wp\/v2\/pages\/8041\/revisions"}],"predecessor-version":[{"id":11630,"href":"https:\/\/webutex.info\/fr\/wp-json\/wp\/v2\/pages\/8041\/revisions\/11630"}],"up":[{"embeddable":true,"href":"https:\/\/webutex.info\/fr\/wp-json\/wp\/v2\/pages\/8014"}],"wp:attachment":[{"href":"https:\/\/webutex.info\/fr\/wp-json\/wp\/v2\/media?parent=8041"}],"curies":[{"name":"wp","href":"https:\/\/api.w.org\/{rel}","templated":true}]}}