{"id":8046,"date":"2021-11-28T13:40:09","date_gmt":"2021-11-28T12:40:09","guid":{"rendered":"http:\/\/webutex.info\/impressum\/"},"modified":"2023-09-18T08:34:12","modified_gmt":"2023-09-18T06:34:12","slug":"mentions-legales","status":"publish","type":"page","link":"https:\/\/webutex.info\/fr\/mentions-legales\/","title":{"rendered":"Mentions l\u00e9gales"},"content":{"rendered":"[vc_row type=\u00a0\u00bbin_container\u00a0\u00bb full_screen_row_position=\u00a0\u00bbmiddle\u00a0\u00bb column_margin=\u00a0\u00bbdefault\u00a0\u00bb column_direction=\u00a0\u00bbdefault\u00a0\u00bb column_direction_tablet=\u00a0\u00bbdefault\u00a0\u00bb column_direction_phone=\u00a0\u00bbdefault\u00a0\u00bb scene_position=\u00a0\u00bbcenter\u00a0\u00bb text_color=\u00a0\u00bbdark\u00a0\u00bb text_align=\u00a0\u00bbleft\u00a0\u00bb row_border_radius=\u00a0\u00bbnone\u00a0\u00bb row_border_radius_applies=\u00a0\u00bbbg\u00a0\u00bb overlay_strength=\u00a0\u00bb0.3&Prime; gradient_direction=\u00a0\u00bbleft_to_right\u00a0\u00bb shape_divider_position=\u00a0\u00bbbottom\u00a0\u00bb bg_image_animation=\u00a0\u00bbnone\u00a0\u00bb][vc_column column_padding=\u00a0\u00bbno-extra-padding\u00a0\u00bb column_padding_tablet=\u00a0\u00bbinherit\u00a0\u00bb column_padding_phone=\u00a0\u00bbinherit\u00a0\u00bb column_padding_position=\u00a0\u00bball\u00a0\u00bb column_element_spacing=\u00a0\u00bbdefault\u00a0\u00bb background_color_opacity=\u00a0\u00bb1&Prime; background_hover_color_opacity=\u00a0\u00bb1&Prime; column_shadow=\u00a0\u00bbnone\u00a0\u00bb column_border_radius=\u00a0\u00bbnone\u00a0\u00bb column_link_target=\u00a0\u00bb_self\u00a0\u00bb gradient_direction=\u00a0\u00bbleft_to_right\u00a0\u00bb overlay_strength=\u00a0\u00bb0.3&Prime; width=\u00a0\u00bb1\/1&Prime; tablet_width_inherit=\u00a0\u00bbdefault\u00a0\u00bb tablet_text_alignment=\u00a0\u00bbdefault\u00a0\u00bb phone_text_alignment=\u00a0\u00bbdefault\u00a0\u00bb bg_image_animation=\u00a0\u00bbnone\u00a0\u00bb border_type=\u00a0\u00bbsimple\u00a0\u00bb column_border_width=\u00a0\u00bbnone\u00a0\u00bb column_border_style=\u00a0\u00bbsolid\u00a0\u00bb][vc_custom_heading text=\u00a0\u00bbMentions l\u00e9gales\u00a0\u00bb font_container=\u00a0\u00bbtag:h1|text_align:left\u00a0\u00bb use_theme_fonts=\u00a0\u00bbyes\u00a0\u00bb][divider line_type=\u00a0\u00bbNo Line\u00a0\u00bb custom_height=\u00a0\u00bb30&Prime;][vc_column_text]<strong>Informations conformes \u00e0 \u00a7 5 TMG (loi sur les m\u00e9dias de t\u00e9l\u00e9communication) :<\/strong><\/p>\n<p>WeButex Kunststoffbearbeitung GmbH<br \/>\nIndustriepark Altenkreith | Turonstra\u00dfe 15<br \/>\nDE-93426 Roding<\/p>\n<p><strong>G\u00e9rant :<\/strong><br \/>\ndipl. oek. Wolfgang Wese<\/p>\n<p><strong>Contact :<\/strong><br \/>\nT\u00e9l\u00e9phone : <u><a href=\"tel:+499461914700\">+49(0) 9461 \/ 914 70 0<\/a><\/u><br \/>\nT\u00e9l\u00e9copie : +49(0) 9461 \/ 914 70 40<br \/>\nCourrier \u00e9lectronique : <u><a href=\"mailto:info@webutex.com\">info@webutex.com<\/a><\/u><\/p>\n<p>Tribunal d\u2019Instance de Regensburg HRB 11062<br \/>\nNum\u00e9ro de TVA intracommunautaire : DE 814991241<\/p>\n<p><strong>Heures d\u2018ouverture<\/strong><br \/>\nlundi &#8211; jeudi 8:00 \u00e0 16:30h et vendredi 8:00 \u00e0 15:00h<\/p>\n<p><strong>Sources pour les images et graphiques utilis\u00e9s :<\/strong><\/p>\n<p><strong>Travaux photo :<\/strong><br \/>\n\u00a9 WeButex Kunststoffbearbeitung GmbH | \u00a9 Christoph Ruhland Fotografie | \u00a9 JS Deutschland GmbH | www.fotolia.com: \u00a9 Karin &amp; Uwe Annas, \u00a9 Daniel Ernst, \u00a9 JiSign, \u00a9 Raimundas, \u00a9 Thomas S\u00f6llner, \u00a9 eyetronic, \u00a9 bartekwardziak, \u00a9 Zerbor, \u00a9 Industrieblick, \u00a9 Oliver Sved, \u00a9 pizuttipics, \u00a9 lightwavemedia, \u00a9 contrastwerkstatt, \u00a9 Schnappschuss, \u00a9 Sven Hoppe, \u00a9 Bacho Foto, \u00a9 Gunnar Assmy, \u00a9 Tomasz Zajda, \u00a9 Hoda Bogdan, \u00a9 matteo avanzi, \u00a9 Gudellaphoto, \u00a9 kentauros, \u00a9 countrypixel, \u00a9 upixa, \u00a9 Monkey Business, \u00a9 sudok!, \u00a9 xixinxing, \u00a9 Aania, \u00a9 \u5b64\u98de\u7684\u9e64, \u00a9 kalafoto, \u00a9 vege, \u00a9 Petair, \u00a9 Kovalenko Inna, \u00a9 Erhan Ergin, \u00a9 Palsur, \u00a9 somartin, \u00a9 Jorvik, Mitmachfoto, \u00a9 Matthias Enter, \u00a9 Sergiy Timashov, \u00a9 Elnur, \u00a9 peshkova, \u00a9 Torbz, \u00a9 Brocreative, \u00a9 denys_kuvaiev, \u00a9 ellisia, \u00a9 Smilleus, \u00a9 Minerva Studio, \u00a9 gpointstudio, \u00a9 Dron, \u00a9 Wrangler, \u00a9 Torbz, \u00a9 weerapat1003, \u00a9 Eugenio Marongiu, \u00a9 Stocksnapper, \u00a9 svort, \u00a9 gertrudda, \u00a9 Lulla, \u00a9 Coloures-pic, \u00a9 Industriebklick, \u00a9 Gstudio Group, \u00a9 Trueffelpix, \u00a9 Igarts, \u00a9 Strezhnev Pavel, \u00a9 Marco2811, \u00a9 juniart, \u00a9 bigpa, \u00a9 jacartoon, \u00a9 soleilc1, \u00a9 ecelop, \u00a9 Ieremy, \u00a9 matthias21, \u00a9 Neyro, \u00a9 ayax, \u00a9 JiSign, \u00a9 davooda, \u00a9 Les Cunliffe, \u00a9 Rawpixel, \u00a9 Gina Sanders, \u00a9 Palsur, \u00a9 vladvm50, \u00a9 Matze, \u00a9 olegmalyshev, \u00a9 pixelsocke, \u00a9 Boggy, \u00a9 science photo, \u00a9 Michael Sch\u00fctze, \u00a9 3dsculptor, \u00a9 chalabala, \u00a9 TomaszZajda, \u00a9 AnastasiiaUsoltceva, \u00a9 jorisvo \u00a9 hbomuc, \u00a9 lichtblickefied, \u00a9 kflgalore, \u00a9 Yoanna Boyadzhieva, \u00a9 matteo avanzi, \u00a9 Calado, \u00a9 fotoherkules, \u00a9 Hoda Bogdan, \u00a9 Stillfx, \u00a9 michael715, \u00a9 lmillian, \u00a9 lily, \u00a9 Romolo Tavani, \u00a9 ama54, \u00a9 Matthias Enter<\/p>\n<p><strong>Exclusion de responsabilit\u00e9 (Disclaimer)<\/strong><\/p>\n<p><strong>Responsabilit\u00e9 des contenus<\/strong><br \/>\nEn tant que fournisseur de services, nous sommes responsables du contenu personnel de ces pages, conform\u00e9ment au \u00a77 alin\u00e9a 1 du TMG allemand. En vertu des articles 8 \u00e0 10 de la TMG, nous ne sommes toutefois pas tenus, en qualit\u00e9 de prestataires de services, de v\u00e9rifier les informations tierces transmises ou enregistr\u00e9es ni de rechercher les faits indiquant une activit\u00e9 ill\u00e9gale. Les obligations de suppression ou de blocage de l&rsquo;utilisation de ces informations selon les dispositions l\u00e9gales g\u00e9n\u00e9rales en vigueur n&rsquo;en sont pas affect\u00e9es. Une mise en cause de la responsabilit\u00e9 de ce fait est cependant possible uniquement \u00e0 partir de la prise de connaissance d&rsquo;une violation concr\u00e8te. Si nous avons connaissance d&rsquo;infractions \u00e0 loi, ces contenus seront imm\u00e9diatement supprim\u00e9s.<\/p>\n<p><strong>Responsabilit\u00e9 pour les liens<\/strong><br \/>\nNotre offre contient des liens externes vers des pages internet de tiers, sur le contenu desquels nous n\u2019avons aucune influence. Pour cette raison, nous ne pouvons \u00eatre tenus pour responsables de ces contenus \u00e9trangers. La responsabilit\u00e9 des contenus incombe toujours au prestataire ou \u00e0 l\u2019exploitant respectif des pages. Les pages li\u00e9es ont \u00e9t\u00e9 v\u00e9rifi\u00e9es au moment de la cr\u00e9ation de lien quant \u00e0 une possible violation du droit. Aucun contenu illicite n&rsquo;\u00e9tait reconnaissable au moment de la cr\u00e9ation du lien. Un contr\u00f4le permanent du contenu de ces pages n&rsquo;est cependant pas possible sans doute concret d&rsquo;une infraction. D\u00e8s la prise de connaissance d\u2019une infraction, de tels liens seront retir\u00e9s imm\u00e9diatement.<\/p>\n<p><strong>Droits d\u2018auteur<\/strong><br \/>\nLes contenus et \u0153uvres figurant sur les pages de l\u2019exploitant du site sont soumis \u00e0 la l\u00e9gislation allemande relative aux droits d\u2019auteur. La reproduction, le traitement, la diffusion et l&rsquo;exploitation de quelque sorte que ce soit hors des limites de ce droit requi\u00e8rent l&rsquo;accord \u00e9crit de l&rsquo;auteur ou du cr\u00e9ateur concern\u00e9. Les t\u00e9l\u00e9chargements et les copies de ce site ne sont autoris\u00e9s que pour un usage priv\u00e9 non commercial. Si les contenus propos\u00e9s sur ce site n&rsquo;ont pas \u00e9t\u00e9 r\u00e9alis\u00e9s par le propri\u00e9taire du site, les droits d&rsquo;auteur de tiers sont respect\u00e9s. En particulier, les contenus de tiers sont signal\u00e9s tels quels. Si vous deviez remarquer malgr\u00e9 tout une infraction au droit d&rsquo;auteur, nous vous prions de nous l\u2019indiquer.<\/p>\n<p><strong>Mise en \u0153uvre technique &amp; r\u00e9alisation :<\/strong><br \/>\n<u><a href=\"https:\/\/www.visable.com\/fr_fr\" target=\"_blank\" rel=\"noopener\">Visable GmbH<\/a><\/u><br \/>\nAgence de marketing en ligne de Hambourg[\/vc_column_text][divider line_type=\u00a0\u00bbNo Line\u00a0\u00bb custom_height=\u00a0\u00bb50&Prime;][\/vc_column][\/vc_row]\n","protected":false},"excerpt":{"rendered":"<p>[vc_row type=\u00a0\u00bbin_container\u00a0\u00bb full_screen_row_position=\u00a0\u00bbmiddle\u00a0\u00bb column_margin=\u00a0\u00bbdefault\u00a0\u00bb column_direction=\u00a0\u00bbdefault\u00a0\u00bb column_direction_tablet=\u00a0\u00bbdefault\u00a0\u00bb column_direction_phone=\u00a0\u00bbdefault\u00a0\u00bb scene_position=\u00a0\u00bbcenter\u00a0\u00bb text_color=\u00a0\u00bbdark\u00a0\u00bb text_align=\u00a0\u00bbleft\u00a0\u00bb row_border_radius=\u00a0\u00bbnone\u00a0\u00bb row_border_radius_applies=\u00a0\u00bbbg\u00a0\u00bb overlay_strength=\u00a0\u00bb0.3&Prime; gradient_direction=\u00a0\u00bbleft_to_right\u00a0\u00bb shape_divider_position=\u00a0\u00bbbottom\u00a0\u00bb bg_image_animation=\u00a0\u00bbnone\u00a0\u00bb][vc_column column_padding=\u00a0\u00bbno-extra-padding\u00a0\u00bb column_padding_tablet=\u00a0\u00bbinherit\u00a0\u00bb column_padding_phone=\u00a0\u00bbinherit\u00a0\u00bb column_padding_position=\u00a0\u00bball\u00a0\u00bb column_element_spacing=\u00a0\u00bbdefault\u00a0\u00bb background_color_opacity=\u00a0\u00bb1&Prime; background_hover_color_opacity=\u00a0\u00bb1&Prime; column_shadow=\u00a0\u00bbnone\u00a0\u00bb column_border_radius=\u00a0\u00bbnone\u00a0\u00bb column_link_target=\u00a0\u00bb_self\u00a0\u00bb gradient_direction=\u00a0\u00bbleft_to_right\u00a0\u00bb overlay_strength=\u00a0\u00bb0.3&Prime; width=\u00a0\u00bb1\/1&Prime; tablet_width_inherit=\u00a0\u00bbdefault\u00a0\u00bb&#8230;<\/p>\n","protected":false},"author":1,"featured_media":0,"parent":0,"menu_order":0,"comment_status":"closed","ping_status":"closed","template":"","meta":{"_acf_changed":false,"inline_featured_image":false,"footnotes":""},"class_list":["post-8046","page","type-page","status-publish"],"acf":[],"yoast_head":"<!-- This site is optimized with the Yoast SEO plugin v25.5 - https:\/\/yoast.com\/wordpress\/plugins\/seo\/ -->\n<title>Mentions l\u00e9gales - Webutex<\/title>\n<meta name=\"robots\" content=\"index, follow, max-snippet:-1, max-image-preview:large, max-video-preview:-1\" \/>\n<link rel=\"canonical\" href=\"https:\/\/webutex.info\/fr\/mentions-legales\/\" \/>\n<meta property=\"og:locale\" content=\"fr_FR\" \/>\n<meta property=\"og:type\" content=\"article\" \/>\n<meta property=\"og:title\" content=\"Mentions l\u00e9gales - Webutex\" \/>\n<meta property=\"og:description\" content=\"[vc_row type=\u00a0\u00bbin_container\u00a0\u00bb full_screen_row_position=\u00a0\u00bbmiddle\u00a0\u00bb column_margin=\u00a0\u00bbdefault\u00a0\u00bb column_direction=\u00a0\u00bbdefault\u00a0\u00bb column_direction_tablet=\u00a0\u00bbdefault\u00a0\u00bb column_direction_phone=\u00a0\u00bbdefault\u00a0\u00bb scene_position=\u00a0\u00bbcenter\u00a0\u00bb text_color=\u00a0\u00bbdark\u00a0\u00bb text_align=\u00a0\u00bbleft\u00a0\u00bb row_border_radius=\u00a0\u00bbnone\u00a0\u00bb row_border_radius_applies=\u00a0\u00bbbg\u00a0\u00bb overlay_strength=\u00a0\u00bb0.3&Prime; gradient_direction=\u00a0\u00bbleft_to_right\u00a0\u00bb shape_divider_position=\u00a0\u00bbbottom\u00a0\u00bb bg_image_animation=\u00a0\u00bbnone\u00a0\u00bb][vc_column column_padding=\u00a0\u00bbno-extra-padding\u00a0\u00bb column_padding_tablet=\u00a0\u00bbinherit\u00a0\u00bb column_padding_phone=\u00a0\u00bbinherit\u00a0\u00bb column_padding_position=\u00a0\u00bball\u00a0\u00bb column_element_spacing=\u00a0\u00bbdefault\u00a0\u00bb background_color_opacity=\u00a0\u00bb1&Prime; background_hover_color_opacity=\u00a0\u00bb1&Prime; column_shadow=\u00a0\u00bbnone\u00a0\u00bb column_border_radius=\u00a0\u00bbnone\u00a0\u00bb column_link_target=\u00a0\u00bb_self\u00a0\u00bb gradient_direction=\u00a0\u00bbleft_to_right\u00a0\u00bb overlay_strength=\u00a0\u00bb0.3&Prime; width=\u00a0\u00bb1\/1&Prime; tablet_width_inherit=\u00a0\u00bbdefault\u00a0\u00bb...\" \/>\n<meta property=\"og:url\" content=\"https:\/\/webutex.info\/fr\/mentions-legales\/\" \/>\n<meta property=\"og:site_name\" content=\"Webutex\" \/>\n<meta property=\"article:modified_time\" content=\"2023-09-18T06:34:12+00:00\" \/>\n<meta property=\"og:image\" content=\"https:\/\/webutex.info\/wp-content\/uploads\/2022\/03\/og.jpg\" \/>\n\t<meta property=\"og:image:width\" content=\"1200\" \/>\n\t<meta property=\"og:image:height\" content=\"630\" \/>\n\t<meta property=\"og:image:type\" content=\"image\/jpeg\" \/>\n<meta name=\"twitter:card\" content=\"summary_large_image\" \/>\n<meta name=\"twitter:label1\" content=\"Dur\u00e9e de lecture estim\u00e9e\" \/>\n\t<meta name=\"twitter:data1\" content=\"5 minutes\" \/>\n<script type=\"application\/ld+json\" class=\"yoast-schema-graph\">{\"@context\":\"https:\/\/schema.org\",\"@graph\":[{\"@type\":\"WebPage\",\"@id\":\"https:\/\/webutex.info\/fr\/mentions-legales\/\",\"url\":\"https:\/\/webutex.info\/fr\/mentions-legales\/\",\"name\":\"Mentions l\u00e9gales - Webutex\",\"isPartOf\":{\"@id\":\"https:\/\/webutex.info\/fr\/#website\"},\"datePublished\":\"2021-11-28T12:40:09+00:00\",\"dateModified\":\"2023-09-18T06:34:12+00:00\",\"breadcrumb\":{\"@id\":\"https:\/\/webutex.info\/fr\/mentions-legales\/#breadcrumb\"},\"inLanguage\":\"fr-FR\",\"potentialAction\":[{\"@type\":\"ReadAction\",\"target\":[\"https:\/\/webutex.info\/fr\/mentions-legales\/\"]}]},{\"@type\":\"BreadcrumbList\",\"@id\":\"https:\/\/webutex.info\/fr\/mentions-legales\/#breadcrumb\",\"itemListElement\":[{\"@type\":\"ListItem\",\"position\":1,\"name\":\"Home\",\"item\":\"https:\/\/webutex.info\/fr\/\"},{\"@type\":\"ListItem\",\"position\":2,\"name\":\"Mentions l\u00e9gales\"}]},{\"@type\":\"WebSite\",\"@id\":\"https:\/\/webutex.info\/fr\/#website\",\"url\":\"https:\/\/webutex.info\/fr\/\",\"name\":\"Webutex\",\"description\":\"\",\"potentialAction\":[{\"@type\":\"SearchAction\",\"target\":{\"@type\":\"EntryPoint\",\"urlTemplate\":\"https:\/\/webutex.info\/fr\/?s={search_term_string}\"},\"query-input\":{\"@type\":\"PropertyValueSpecification\",\"valueRequired\":true,\"valueName\":\"search_term_string\"}}],\"inLanguage\":\"fr-FR\"}]}<\/script>\n<!-- \/ Yoast SEO plugin. -->","yoast_head_json":{"title":"Mentions l\u00e9gales - Webutex","robots":{"index":"index","follow":"follow","max-snippet":"max-snippet:-1","max-image-preview":"max-image-preview:large","max-video-preview":"max-video-preview:-1"},"canonical":"https:\/\/webutex.info\/fr\/mentions-legales\/","og_locale":"fr_FR","og_type":"article","og_title":"Mentions l\u00e9gales - Webutex","og_description":"[vc_row type=\u00a0\u00bbin_container\u00a0\u00bb full_screen_row_position=\u00a0\u00bbmiddle\u00a0\u00bb column_margin=\u00a0\u00bbdefault\u00a0\u00bb column_direction=\u00a0\u00bbdefault\u00a0\u00bb column_direction_tablet=\u00a0\u00bbdefault\u00a0\u00bb column_direction_phone=\u00a0\u00bbdefault\u00a0\u00bb scene_position=\u00a0\u00bbcenter\u00a0\u00bb text_color=\u00a0\u00bbdark\u00a0\u00bb text_align=\u00a0\u00bbleft\u00a0\u00bb row_border_radius=\u00a0\u00bbnone\u00a0\u00bb row_border_radius_applies=\u00a0\u00bbbg\u00a0\u00bb overlay_strength=\u00a0\u00bb0.3&Prime; gradient_direction=\u00a0\u00bbleft_to_right\u00a0\u00bb shape_divider_position=\u00a0\u00bbbottom\u00a0\u00bb bg_image_animation=\u00a0\u00bbnone\u00a0\u00bb][vc_column column_padding=\u00a0\u00bbno-extra-padding\u00a0\u00bb column_padding_tablet=\u00a0\u00bbinherit\u00a0\u00bb column_padding_phone=\u00a0\u00bbinherit\u00a0\u00bb column_padding_position=\u00a0\u00bball\u00a0\u00bb column_element_spacing=\u00a0\u00bbdefault\u00a0\u00bb background_color_opacity=\u00a0\u00bb1&Prime; background_hover_color_opacity=\u00a0\u00bb1&Prime; column_shadow=\u00a0\u00bbnone\u00a0\u00bb column_border_radius=\u00a0\u00bbnone\u00a0\u00bb column_link_target=\u00a0\u00bb_self\u00a0\u00bb gradient_direction=\u00a0\u00bbleft_to_right\u00a0\u00bb overlay_strength=\u00a0\u00bb0.3&Prime; width=\u00a0\u00bb1\/1&Prime; tablet_width_inherit=\u00a0\u00bbdefault\u00a0\u00bb...","og_url":"https:\/\/webutex.info\/fr\/mentions-legales\/","og_site_name":"Webutex","article_modified_time":"2023-09-18T06:34:12+00:00","og_image":[{"width":1200,"height":630,"url":"https:\/\/webutex.info\/wp-content\/uploads\/2022\/03\/og.jpg","type":"image\/jpeg"}],"twitter_card":"summary_large_image","twitter_misc":{"Dur\u00e9e de lecture estim\u00e9e":"5 minutes"},"schema":{"@context":"https:\/\/schema.org","@graph":[{"@type":"WebPage","@id":"https:\/\/webutex.info\/fr\/mentions-legales\/","url":"https:\/\/webutex.info\/fr\/mentions-legales\/","name":"Mentions l\u00e9gales - Webutex","isPartOf":{"@id":"https:\/\/webutex.info\/fr\/#website"},"datePublished":"2021-11-28T12:40:09+00:00","dateModified":"2023-09-18T06:34:12+00:00","breadcrumb":{"@id":"https:\/\/webutex.info\/fr\/mentions-legales\/#breadcrumb"},"inLanguage":"fr-FR","potentialAction":[{"@type":"ReadAction","target":["https:\/\/webutex.info\/fr\/mentions-legales\/"]}]},{"@type":"BreadcrumbList","@id":"https:\/\/webutex.info\/fr\/mentions-legales\/#breadcrumb","itemListElement":[{"@type":"ListItem","position":1,"name":"Home","item":"https:\/\/webutex.info\/fr\/"},{"@type":"ListItem","position":2,"name":"Mentions l\u00e9gales"}]},{"@type":"WebSite","@id":"https:\/\/webutex.info\/fr\/#website","url":"https:\/\/webutex.info\/fr\/","name":"Webutex","description":"","potentialAction":[{"@type":"SearchAction","target":{"@type":"EntryPoint","urlTemplate":"https:\/\/webutex.info\/fr\/?s={search_term_string}"},"query-input":{"@type":"PropertyValueSpecification","valueRequired":true,"valueName":"search_term_string"}}],"inLanguage":"fr-FR"}]}},"_links":{"self":[{"href":"https:\/\/webutex.info\/fr\/wp-json\/wp\/v2\/pages\/8046","targetHints":{"allow":["GET"]}}],"collection":[{"href":"https:\/\/webutex.info\/fr\/wp-json\/wp\/v2\/pages"}],"about":[{"href":"https:\/\/webutex.info\/fr\/wp-json\/wp\/v2\/types\/page"}],"author":[{"embeddable":true,"href":"https:\/\/webutex.info\/fr\/wp-json\/wp\/v2\/users\/1"}],"replies":[{"embeddable":true,"href":"https:\/\/webutex.info\/fr\/wp-json\/wp\/v2\/comments?post=8046"}],"version-history":[{"count":14,"href":"https:\/\/webutex.info\/fr\/wp-json\/wp\/v2\/pages\/8046\/revisions"}],"predecessor-version":[{"id":11261,"href":"https:\/\/webutex.info\/fr\/wp-json\/wp\/v2\/pages\/8046\/revisions\/11261"}],"wp:attachment":[{"href":"https:\/\/webutex.info\/fr\/wp-json\/wp\/v2\/media?parent=8046"}],"curies":[{"name":"wp","href":"https:\/\/api.w.org\/{rel}","templated":true}]}}